{"id":13,"date":"2026-01-13T07:32:56","date_gmt":"2026-01-13T07:32:56","guid":{"rendered":"https:\/\/berdentalclinic.com\/?page_id=13"},"modified":"2026-01-16T07:22:34","modified_gmt":"2026-01-16T07:22:34","slug":"kanal-tedavisi","status":"publish","type":"page","link":"https:\/\/berdentalclinic.com\/ru\/kanal-tedavisi\/","title":{"rendered":"T\u00fcrkiye&#8217;de Di\u015f \u0130mplant\u0131 Kanal Tedavisi"},"content":{"rendered":"","protected":false},"excerpt":{"rendered":"","protected":false},"author":1,"featured_media":0,"parent":0,"menu_order":0,"comment_status":"closed","ping_status":"closed","template":"single-service-2-.php","meta":{"footnotes":""},"class_list":["post-13","page","type-page","status-publish","hentry"],"aioseo_notices":[],"_hostinger_reach_plugin_has_subscription_block":false,"_hostinger_reach_plugin_is_elementor":false,"_links":{"self":[{"href":"https:\/\/berdentalclinic.com\/ru\/wp-json\/wp\/v2\/pages\/13","targetHints":{"allow":["GET"]}}],"collection":[{"href":"https:\/\/berdentalclinic.com\/ru\/wp-json\/wp\/v2\/pages"}],"about":[{"href":"https:\/\/berdentalclinic.com\/ru\/wp-json\/wp\/v2\/types\/page"}],"author":[{"embeddable":true,"href":"https:\/\/berdentalclinic.com\/ru\/wp-json\/wp\/v2\/users\/1"}],"replies":[{"embeddable":true,"href":"https:\/\/berdentalclinic.com\/ru\/wp-json\/wp\/v2\/comments?post=13"}],"version-history":[{"count":2,"href":"https:\/\/berdentalclinic.com\/ru\/wp-json\/wp\/v2\/pages\/13\/revisions"}],"predecessor-version":[{"id":80,"href":"https:\/\/berdentalclinic.com\/ru\/wp-json\/wp\/v2\/pages\/13\/revisions\/80"}],"wp:attachment":[{"href":"https:\/\/berdentalclinic.com\/ru\/wp-json\/wp\/v2\/media?parent=13"}],"curies":[{"name":"wp","href":"https:\/\/api.w.org\/{rel}","templated":true}]}}